{"id":2853,"date":"2017-01-13T15:36:31","date_gmt":"2017-01-13T20:36:31","guid":{"rendered":"http:\/\/nettoyageexperts.com\/faq\/"},"modified":"2025-04-12T09:21:26","modified_gmt":"2025-04-12T13:21:26","slug":"faq","status":"publish","type":"page","link":"https:\/\/nettoyageexperts.com\/en\/faq","title":{"rendered":"Frequently Asked Questions"},"content":{"rendered":"\r\n<h2 id='questions-fr\u00e9quentes-sur-les-services-de-nettoyage-experts'  id=\"boomdevs_1\">Questions fr\u00e9quentes sur les services de Nettoyage Experts<\/h2>\r\n<h3 id='faut-il-engager-des-professionnels-pour-faire-nettoyer-les-conduits-de-ventilation-les-tapis-ou-les-meubles-rembourr\u00e9s-comme-les-divans'  id=\"boomdevs_2\">Faut-il engager des professionnels pour faire nettoyer les conduits de ventilation, les tapis ou les meubles rembourr\u00e9s comme les divans?<\/h3>\r\n<p>M\u00e9nage, entretien, nettoyage, il faut que cela soit fait dans tous les endroits occup\u00e9s par des personnes autant pour un lieu de r\u00e9sidence que pour un espace de travail et d&#8217;activit\u00e9 commerciale.\u00a0 Certaines t\u00e2ches d&#8217;entretien sont simples et ne n\u00e9cessitent pas d&#8217;expertise ou d&#8217;\u00e9quipement professionnel aussi dans les cas ou le budget ne le permet pas n&#8217;importe qui peut nettoyer sa cuisine, ses planchers et faire son m\u00e9nage.\u00a0 Cela devient un choix en fonction des conditions et des priorit\u00e9s de chacun.\u00a0 <strong>Consultez les sections FAQ de nos pages pour nettoyer les conduits de votre syst\u00e8me de ventilation, vos tapis et divans.<\/strong>\u00a0 Devriez-vous engager un pro ou le faire vous m\u00eame, faites un choix mieux \u00e9clair\u00e9 en gr\u00e2ce \u00e0 nos pages d&#8217;informations sur le nettoyage.<\/p>\r\n<h3 id='faq-nettoyer-les-conduits-les-tapis-et-divans-puis-je-le-faire-moi-m\u00eame'  id=\"boomdevs_3\">FAQ nettoyer les conduits, les tapis et divans: puis-je le faire moi-m\u00eame<\/h3>\r\n<p><strong>Dans notre blogue nous partageons des trucs pour vous permettre d&#8217;\u00e9conomiser de l&#8217;argent en vous aidant \u00e0 nettoyer vous-m\u00eame certaines taches sur les tapis et les divans.\u00a0 Nous partageons aussi des petits trucs pour garder vos conduits de ventilation propres plus longtemps et ainsi \u00e9conomiser en les faisant nettoyer moins souvent.<\/strong>\u00a0 Pour d\u00e9cider si vous devriez vous-m\u00eame vous acquittez d&#8217;un nettoyage ou d&#8217;une autre t\u00e2che m\u00e9nag\u00e8re nous vous recommandons de simplement \u00e9valuer cette option et celle d&#8217;engager des experts en pesant les avantages et inconv\u00e9nients des deux choix.\u00a0 Afin de vous permettre de faire un choix \u00e9clair\u00e9 et qui vous conviendra le mieux <strong>Nettoyage Experts vous propose sur ce site des pages de contenu informatif sous les rubriques <a href=\"https:\/\/nettoyageexperts.com\/nettoyage-conduit\/\">FAQ nettoyer les conduits<\/a>, <a href=\"https:\/\/nettoyageexperts.com\/nettoyage-de-tapis\">FAQ nettoyer les tapis<\/a>, et\u00a0 <a href=\"https:\/\/nettoyageexperts.com\/nettoyage\/nettoyage-de-divan\">FAQ nettoyer un divan ou meubles<\/a>. <\/strong>En un clic sur un des liens ci-dessus acc\u00e9dez, \u00e0 une foule d&#8217;informations et trouvez des r\u00e9ponses sur le type de nettoyage qui vous int\u00e9resse.<\/p>\r\n<h3 id='nettoyage-experts-souhaite-vous-aider-\u00e0-faire-un-choix-\u00e9clair\u00e9-en-vous-donnant-un-maximum-d-informations-sur-le-nettoyage'  id=\"boomdevs_4\"><strong>Nettoyage Experts souhaite vous aider \u00e0\u00a0 faire un choix \u00e9clair\u00e9 en vous donnant un maximum d&#8217;informations sur le nettoyage<\/strong><\/h3>\r\n<p>Nous nous sommes efforc\u00e9s d&#8217;apporter dans nos pages des r\u00e9ponses \u00e0 un maximum de questions fr\u00e9quentes sur nos services de nettoyage d&#8217;apr\u00e8s un grand nombre d&#8217;\u00e9changes avec les clients depuis des d\u00e9cennies.\u00a0 Ainsi vous trouverez des informations sur nos m\u00e9thodes, sur nos \u00e9quipements, sur nos produits de nettoyage, sur nos tarifs, et plus.\u00a0 Nous esp\u00e9rons qu&#8217;apr\u00e8s consultation de notre site vous puissiez mieux \u00e9valuer la solution la plus ad\u00e9quate pour votre nettoyage.\u00a0 Si vous trouvez ici un truc qui vous permet de vous-m\u00eame r\u00e9aliser un nettoyage alors c&#8217;est que vous n&#8217;avez pas besoin de nous.\u00a0 Pour le nettoyage de conduits d&#8217;air, de tapis ou de divans souvent il est pr\u00e9f\u00e9rable d&#8217;engager des professionnels avec des produits et des \u00e9quipements\u00a0 ad\u00e9quats et c&#8217;est l\u00e0 ou Nettoyage Experts intervient pour vous procurer un nettoyage professionnel alors que vous n&#8217;avez pas avantage \u00e0 le faire vous-m\u00eame.\u00a0 Pour voir tous nos services, allez \u00e0 l&#8217;<a href=\"https:\/\/nettoyageexperts.com\/\">accueil<\/a>.<\/p>\r\n<h3 id='un-portail-d-informations-sur-le-nettoyage'  id=\"boomdevs_5\">Un portail d&#8217;informations sur le nettoyage<\/h3>\r\n<p>Un bref survol de nettoyageexperts.com vous permettra de constater qu&#8217;en plus d&#8217;un site commercial qui nous permet de vous offrir nos services de nettoyage professionnel, vous \u00eates ici sur un v\u00e9ritable portail d&#8217;information avec des photos originales sur le nettoyage, des capsules vid\u00e9o de nettoyage et un blogue avec des articles qui vous donnent des trucs et astuces de nettoyage.<\/p>\r\n<p>Vous avez plus de questions concernant le nettoyage ou les services de Nettoyage Experts?\u00a0 N&#8217;h\u00e9sitez pas \u00e0 nous \u00e9crire via notre formulaire de demande en lignes ou notre blogue il nous fera plaisir de vous r\u00e9pondre dans les meilleurs d\u00e9lais.<\/p>\r\n<h3 id='quel-est-le-prix-d-un-service-de-nettoyage-professionnel'  id=\"boomdevs_6\">Quel est le prix d&#8217;un service de nettoyage professionnel<\/h3>\r\n<p>Quel que soit le service, cette question est toujours \u00e0 aborder aussi nous avons plusieurs prix et promotions affich\u00e9s dans le site.<\/p>\r\n<h4 id='merci-de-votre-int\u00e9r\u00eat-envers-nettoyage-experts'  id=\"boomdevs_7\">Merci de votre int\u00e9r\u00eat envers Nettoyage Experts<\/h4>\r\n<p><strong>Merci de consulter notre site web, n&#8217;h\u00e9sitez pas \u00e0 nous \u00e9crire pour vos commentaires ou pour des questions \u00e0 propos du nettoyage<\/strong>. Si vous ne trouvez pas ici l&#8217;information que vous cherchez dites-vous que le nettoyage est un vaste sujet et que vous pouvez nous aider \u00e0 d\u00e9velopper nettoyageexperts.com en nous adressant vos questions par notre formulaire de demande d&#8217;estimation gratuite.\u00a0 <strong>Nous ferons de notre mieux pour r\u00e9pondre \u00e0 vos questions et enrichir nos section FAQ pour mieux vous aider \u00e0 faire le bon choix selon votre projet: nettoyer vous m\u00eame vos conduits tapis et divans ou engager un professionnel.\u00a0 <\/strong>Notez qu&#8217;il est utile de choisir des experts ayant eu une <a href=\"https:\/\/ncca.co.uk\/\">formation de nettoyage de tapis<\/a> ou une <a href=\"https:\/\/nadca.com\/\">formation de nettoyage de conduits<\/a>.<\/p>\r\n<p>&nbsp;<\/p>\r\n<p>Demandez votre estimation gratuite nous payerons les taxes<br \/>\n<div class=\"wpcf7 no-js\" id=\"wpcf7-f135-o1\" lang=\"fr-CA\" dir=\"ltr\" data-wpcf7-id=\"135\">\n<div class=\"screen-reader-response\"><p role=\"status\" aria-live=\"polite\" aria-atomic=\"true\"><\/p> <ul><\/ul><\/div>\n<form action=\"\/en\/wp-json\/wp\/v2\/pages\/2853#wpcf7-f135-o1\" method=\"post\" class=\"wpcf7-form init\" aria-label=\"Contact form\" novalidate=\"novalidate\" data-status=\"init\">\n<fieldset class=\"hidden-fields-container\"><input type=\"hidden\" name=\"_wpcf7\" value=\"135\" \/><input type=\"hidden\" name=\"_wpcf7_version\" value=\"6.1.5\" \/><input type=\"hidden\" name=\"_wpcf7_locale\" value=\"fr_CA\" \/><input type=\"hidden\" name=\"_wpcf7_unit_tag\" value=\"wpcf7-f135-o1\" \/><input type=\"hidden\" name=\"_wpcf7_container_post\" value=\"0\" \/><input type=\"hidden\" name=\"_wpcf7_posted_data_hash\" value=\"\" \/><input type=\"hidden\" name=\"_wpcf7_recaptcha_response\" value=\"\" \/>\n<\/fieldset>\n<p><span id=\"wpcf7-69d1015c1309e-wrapper\" class=\"wpcf7-form-control-wrap honeypot-423-wrap\" ><label for=\"valid-form\" class=\"hp-message\">Please leave this field empty.<\/label><input id=\"valid-form\"  class=\"wpcf7-form-control wpcf7-text\" type=\"text\" name=\"honeypot-423\" value=\"\" size=\"40\" tabindex=\"-1\" autocomplete=\"new-password\" \/><\/span>\n<\/p>\n<p><span class=\"wpcf7-form-control-wrap\" data-name=\"your-name\"><input size=\"40\" maxlength=\"400\" class=\"wpcf7-form-control wpcf7-text wpcf7-validates-as-required\" aria-required=\"true\" aria-invalid=\"false\" placeholder=\"Nom\" value=\"\" type=\"text\" name=\"your-name\" \/><\/span>\n<\/p>\n<p><span class=\"wpcf7-form-control-wrap\" data-name=\"your-email\"><input size=\"40\" maxlength=\"400\" class=\"wpcf7-form-control wpcf7-email wpcf7-validates-as-required wpcf7-text wpcf7-validates-as-email\" aria-required=\"true\" aria-invalid=\"false\" placeholder=\"Courriel\" value=\"\" type=\"email\" name=\"your-email\" \/><\/span>\n<\/p>\n<p><span class=\"wpcf7-form-control-wrap\" data-name=\"tel-jour\"><input size=\"40\" maxlength=\"400\" class=\"wpcf7-form-control wpcf7-text wpcf7-validates-as-required\" aria-required=\"true\" aria-invalid=\"false\" placeholder=\"T\u00e9l-jour\" value=\"\" type=\"text\" name=\"tel-jour\" \/><\/span><span class=\"wpcf7-form-control-wrap\" data-name=\"tel-soir\"><input size=\"40\" maxlength=\"400\" class=\"wpcf7-form-control wpcf7-text\" aria-invalid=\"false\" placeholder=\"T\u00e9l-soir\" value=\"\" type=\"text\" name=\"tel-soir\" \/><\/span>\n<\/p>\n<p><span class=\"wpcf7-form-control-wrap\" data-name=\"code-post\"><input size=\"40\" maxlength=\"400\" class=\"wpcf7-form-control wpcf7-text wpcf7-validates-as-required\" aria-required=\"true\" aria-invalid=\"false\" placeholder=\"Code Postal\" value=\"\" type=\"text\" name=\"code-post\" \/><\/span>\n<\/p>\n<p><span class=\"wpcf7-form-control-wrap\" data-name=\"choix-service\"><select class=\"wpcf7-form-control wpcf7-select wpcf7-validates-as-required\" aria-required=\"true\" aria-invalid=\"false\" name=\"choix-service\"><option value=\"\">Choisir un service de nettoyage *<\/option><option value=\"Nettoyage conduit de ventilation\">Nettoyage conduit de ventilation<\/option><option value=\"Nettoyage conduit commercial\">Nettoyage conduit commercial<\/option><option value=\"Nettoyage conduit s\u00e9cheuse\">Nettoyage conduit s\u00e9cheuse<\/option><option value=\"Nettoyage tapis \u00e0 domicile\">Nettoyage tapis \u00e0 domicile<\/option><option value=\"Nettoyage tapis commercial\">Nettoyage tapis commercial<\/option><option value=\"Nettoyage divan\">Nettoyage divan<\/option><option value=\"Nettoyage matelas\">Nettoyage matelas<\/option><option value=\"Nettoyage chaise\">Nettoyage chaise<\/option><option value=\"Grand-M\u00e9nage\">Grand-M\u00e9nage<\/option><\/select><\/span>\n<\/p>\n<p><span class=\"wpcf7-form-control-wrap\" data-name=\"your-message\"><textarea cols=\"40\" rows=\"5\" maxlength=\"2000\" class=\"wpcf7-form-control wpcf7-textarea\" aria-invalid=\"false\" placeholder=\"SVP, fournir les d\u00e9tails de votre demande.\" name=\"your-message\"><\/textarea><\/span>\n<\/p>\n<p class=\"soumettre\"><input class=\"wpcf7-form-control wpcf7-submit has-spinner\" type=\"submit\" value=\"ENVOYER\" \/>\n<\/p><p style=\"display: none !important;\" class=\"akismet-fields-container\" data-prefix=\"_wpcf7_ak_\"><label>&#916;<textarea name=\"_wpcf7_ak_hp_textarea\" cols=\"45\" rows=\"8\" maxlength=\"100\"><\/textarea><\/label><input type=\"hidden\" id=\"ak_js_1\" name=\"_wpcf7_ak_js\" value=\"249\"\/><script>document.getElementById( \"ak_js_1\" ).setAttribute( \"value\", ( new Date() ).getTime() );<\/script><\/p><div class=\"wpcf7-response-output\" aria-hidden=\"true\"><\/div>\n<\/form>\n<\/div>\n<\/p>\r\n<h3 id='d\u00e9monstrations-vid\u00e9o'  id=\"boomdevs_8\"><a id=\"video\" name=\"video\"><\/a>D\u00e9monstrations vid\u00e9o<\/h3>\r\n","protected":false},"excerpt":{"rendered":"<p>Questions fr\u00e9quentes sur les services de Nettoyage Experts Faut-il engager des professionnels pour faire nettoyer les conduits de ventilation, les tapis ou les meubles rembourr\u00e9s comme les divans? M\u00e9nage, entretien, nettoyage, il faut que cela soit fait dans tous les endroits occup\u00e9s par des personnes autant pour un lieu de r\u00e9sidence que pour un espace [&hellip;]<\/p>\n","protected":false},"author":1,"featured_media":0,"parent":0,"menu_order":0,"comment_status":"closed","ping_status":"closed","template":"","meta":{"_acf_changed":false,"_genesis_hide_title":false,"_genesis_hide_breadcrumbs":false,"_genesis_hide_singular_image":false,"_genesis_hide_footer_widgets":false,"_genesis_custom_body_class":"","_genesis_custom_post_class":"","_genesis_layout":"","footnotes":""},"class_list":{"0":"post-2853","1":"page","2":"type-page","3":"status-publish","5":"entry"},"acf":[],"yoast_head":"<!-- This site is optimized with the Yoast SEO plugin v27.2 - https:\/\/yoast.com\/product\/yoast-seo-wordpress\/ -->\n<title>FAQ service de nettoyage | Nettoyage Experts<\/title>\n<meta name=\"description\" content=\"Foire aux questions nettoyage, consultez notre section ou nous r\u00e9pondrons \u00e0 toutes vos questions concernant le nettoyage de surfaces.\" \/>\n<meta name=\"robots\" content=\"index, follow, max-snippet:-1, max-image-preview:large, max-video-preview:-1\" \/>\n<link rel=\"canonical\" href=\"https:\/\/nettoyageexperts.com\/en\/faq\/\" \/>\n<meta property=\"og:locale\" content=\"en_US\" \/>\n<meta property=\"og:type\" content=\"article\" \/>\n<meta property=\"og:title\" content=\"FAQ service de nettoyage | Nettoyage Experts\" \/>\n<meta property=\"og:description\" content=\"Foire aux questions nettoyage, consultez notre section ou nous r\u00e9pondrons \u00e0 toutes vos questions concernant le nettoyage de surfaces.\" \/>\n<meta property=\"og:url\" content=\"https:\/\/nettoyageexperts.com\/en\/faq\" \/>\n<meta property=\"og:site_name\" content=\"Nettoyage Experts | Residential and Commercial Cleaning Services\" \/>\n<meta property=\"article:publisher\" content=\"https:\/\/www.facebook.com\/meilleurnettoyage\" \/>\n<meta property=\"article:modified_time\" content=\"2025-04-12T13:21:26+00:00\" \/>\n<meta property=\"og:image\" content=\"https:\/\/nettoyageexperts.com\/wp-content\/uploads\/2024\/03\/nettoyage-experts-image-defaut.jpg\" \/>\n\t<meta property=\"og:image:width\" content=\"1410\" \/>\n\t<meta property=\"og:image:height\" content=\"434\" \/>\n\t<meta property=\"og:image:type\" content=\"image\/jpeg\" \/>\n<meta name=\"twitter:card\" content=\"summary_large_image\" \/>\n<meta name=\"twitter:label1\" content=\"Est. reading time\" \/>\n\t<meta name=\"twitter:data1\" content=\"4 minutes\" \/>\n<script type=\"application\/ld+json\" class=\"yoast-schema-graph\">{\"@context\":\"https:\/\/schema.org\",\"@graph\":[{\"@type\":\"WebPage\",\"@id\":\"https:\/\/nettoyageexperts.com\/en\/faq\",\"url\":\"https:\/\/nettoyageexperts.com\/en\/faq\",\"name\":\"FAQ service de nettoyage | Nettoyage Experts\",\"isPartOf\":{\"@id\":\"https:\/\/nettoyageexperts.com\/en\/#website\"},\"datePublished\":\"2017-01-13T20:36:31+00:00\",\"dateModified\":\"2025-04-12T13:21:26+00:00\",\"description\":\"Foire aux questions nettoyage, consultez notre section ou nous r\u00e9pondrons \u00e0 toutes vos questions concernant le nettoyage de surfaces.\",\"breadcrumb\":{\"@id\":\"https:\/\/nettoyageexperts.com\/en\/faq#breadcrumb\"},\"inLanguage\":\"en-CA\",\"potentialAction\":[{\"@type\":\"ReadAction\",\"target\":[\"https:\/\/nettoyageexperts.com\/en\/faq\"]}]},{\"@type\":\"BreadcrumbList\",\"@id\":\"https:\/\/nettoyageexperts.com\/en\/faq#breadcrumb\",\"itemListElement\":[{\"@type\":\"ListItem\",\"position\":1,\"name\":\"Accueil\",\"item\":\"https:\/\/nettoyageexperts.com\/en\/\"},{\"@type\":\"ListItem\",\"position\":2,\"name\":\"Frequently Asked Questions\"}]},{\"@type\":\"WebSite\",\"@id\":\"https:\/\/nettoyageexperts.com\/en\/#website\",\"url\":\"https:\/\/nettoyageexperts.com\/en\/\",\"name\":\"Nettoyage Experts: nettoyage de conduits de ventilation, nettoyage de tapis, divan, meuble et commercial\",\"description\":\"\",\"publisher\":{\"@id\":\"https:\/\/nettoyageexperts.com\/en\/#organization\"},\"alternateName\":\"Nettoyage Experts particulier et commercial\",\"potentialAction\":[{\"@type\":\"SearchAction\",\"target\":{\"@type\":\"EntryPoint\",\"urlTemplate\":\"https:\/\/nettoyageexperts.com\/en\/?s={search_term_string}\"},\"query-input\":{\"@type\":\"PropertyValueSpecification\",\"valueRequired\":true,\"valueName\":\"search_term_string\"}}],\"inLanguage\":\"en-CA\"},{\"@type\":\"Organization\",\"@id\":\"https:\/\/nettoyageexperts.com\/en\/#organization\",\"name\":\"Nettoyage Experts inc.\",\"alternateName\":\"Nettoyage Experts\",\"url\":\"https:\/\/nettoyageexperts.com\/en\/\",\"logo\":{\"@type\":\"ImageObject\",\"inLanguage\":\"en-CA\",\"@id\":\"https:\/\/nettoyageexperts.com\/en\/#\/schema\/logo\/image\/\",\"url\":\"https:\/\/nettoyageexperts.com\/wp-content\/uploads\/2019\/01\/image001-9.png\",\"contentUrl\":\"https:\/\/nettoyageexperts.com\/wp-content\/uploads\/2019\/01\/image001-9.png\",\"width\":186,\"height\":85,\"caption\":\"Nettoyage Experts inc.\"},\"image\":{\"@id\":\"https:\/\/nettoyageexperts.com\/en\/#\/schema\/logo\/image\/\"},\"sameAs\":[\"https:\/\/www.facebook.com\/meilleurnettoyage\"]}]}<\/script>\n<!-- \/ Yoast SEO plugin. -->","yoast_head_json":{"title":"FAQ service de nettoyage | Nettoyage Experts","description":"Foire aux questions nettoyage, consultez notre section ou nous r\u00e9pondrons \u00e0 toutes vos questions concernant le nettoyage de surfaces.","robots":{"index":"index","follow":"follow","max-snippet":"max-snippet:-1","max-image-preview":"max-image-preview:large","max-video-preview":"max-video-preview:-1"},"canonical":"https:\/\/nettoyageexperts.com\/en\/faq\/","og_locale":"en_US","og_type":"article","og_title":"FAQ service de nettoyage | Nettoyage Experts","og_description":"Foire aux questions nettoyage, consultez notre section ou nous r\u00e9pondrons \u00e0 toutes vos questions concernant le nettoyage de surfaces.","og_url":"https:\/\/nettoyageexperts.com\/en\/faq","og_site_name":"Nettoyage Experts | Residential and Commercial Cleaning Services","article_publisher":"https:\/\/www.facebook.com\/meilleurnettoyage","article_modified_time":"2025-04-12T13:21:26+00:00","og_image":[{"width":1410,"height":434,"url":"https:\/\/nettoyageexperts.com\/wp-content\/uploads\/2024\/03\/nettoyage-experts-image-defaut.jpg","type":"image\/jpeg"}],"twitter_card":"summary_large_image","twitter_misc":{"Est. reading time":"4 minutes"},"schema":{"@context":"https:\/\/schema.org","@graph":[{"@type":"WebPage","@id":"https:\/\/nettoyageexperts.com\/en\/faq","url":"https:\/\/nettoyageexperts.com\/en\/faq","name":"FAQ service de nettoyage | Nettoyage Experts","isPartOf":{"@id":"https:\/\/nettoyageexperts.com\/en\/#website"},"datePublished":"2017-01-13T20:36:31+00:00","dateModified":"2025-04-12T13:21:26+00:00","description":"Foire aux questions nettoyage, consultez notre section ou nous r\u00e9pondrons \u00e0 toutes vos questions concernant le nettoyage de surfaces.","breadcrumb":{"@id":"https:\/\/nettoyageexperts.com\/en\/faq#breadcrumb"},"inLanguage":"en-CA","potentialAction":[{"@type":"ReadAction","target":["https:\/\/nettoyageexperts.com\/en\/faq"]}]},{"@type":"BreadcrumbList","@id":"https:\/\/nettoyageexperts.com\/en\/faq#breadcrumb","itemListElement":[{"@type":"ListItem","position":1,"name":"Accueil","item":"https:\/\/nettoyageexperts.com\/en\/"},{"@type":"ListItem","position":2,"name":"Frequently Asked Questions"}]},{"@type":"WebSite","@id":"https:\/\/nettoyageexperts.com\/en\/#website","url":"https:\/\/nettoyageexperts.com\/en\/","name":"Nettoyage Experts: nettoyage de conduits de ventilation, nettoyage de tapis, divan, meuble et commercial","description":"","publisher":{"@id":"https:\/\/nettoyageexperts.com\/en\/#organization"},"alternateName":"Nettoyage Experts particulier et commercial","potentialAction":[{"@type":"SearchAction","target":{"@type":"EntryPoint","urlTemplate":"https:\/\/nettoyageexperts.com\/en\/?s={search_term_string}"},"query-input":{"@type":"PropertyValueSpecification","valueRequired":true,"valueName":"search_term_string"}}],"inLanguage":"en-CA"},{"@type":"Organization","@id":"https:\/\/nettoyageexperts.com\/en\/#organization","name":"Nettoyage Experts inc.","alternateName":"Nettoyage Experts","url":"https:\/\/nettoyageexperts.com\/en\/","logo":{"@type":"ImageObject","inLanguage":"en-CA","@id":"https:\/\/nettoyageexperts.com\/en\/#\/schema\/logo\/image\/","url":"https:\/\/nettoyageexperts.com\/wp-content\/uploads\/2019\/01\/image001-9.png","contentUrl":"https:\/\/nettoyageexperts.com\/wp-content\/uploads\/2019\/01\/image001-9.png","width":186,"height":85,"caption":"Nettoyage Experts inc."},"image":{"@id":"https:\/\/nettoyageexperts.com\/en\/#\/schema\/logo\/image\/"},"sameAs":["https:\/\/www.facebook.com\/meilleurnettoyage"]}]}},"_links":{"self":[{"href":"https:\/\/nettoyageexperts.com\/en\/wp-json\/wp\/v2\/pages\/2853","targetHints":{"allow":["GET"]}}],"collection":[{"href":"https:\/\/nettoyageexperts.com\/en\/wp-json\/wp\/v2\/pages"}],"about":[{"href":"https:\/\/nettoyageexperts.com\/en\/wp-json\/wp\/v2\/types\/page"}],"author":[{"embeddable":true,"href":"https:\/\/nettoyageexperts.com\/en\/wp-json\/wp\/v2\/users\/1"}],"replies":[{"embeddable":true,"href":"https:\/\/nettoyageexperts.com\/en\/wp-json\/wp\/v2\/comments?post=2853"}],"version-history":[{"count":1,"href":"https:\/\/nettoyageexperts.com\/en\/wp-json\/wp\/v2\/pages\/2853\/revisions"}],"predecessor-version":[{"id":11128,"href":"https:\/\/nettoyageexperts.com\/en\/wp-json\/wp\/v2\/pages\/2853\/revisions\/11128"}],"wp:attachment":[{"href":"https:\/\/nettoyageexperts.com\/en\/wp-json\/wp\/v2\/media?parent=2853"}],"curies":[{"name":"wp","href":"https:\/\/api.w.org\/{rel}","templated":true}]}}