{"id":9903,"date":"2017-08-29T15:22:27","date_gmt":"2017-08-29T19:22:27","guid":{"rendered":"https:\/\/nettoyageexperts.com\/duct-cleaning-ventilation-chomedey\/"},"modified":"2025-05-08T15:05:00","modified_gmt":"2025-05-08T19:05:00","slug":"duct-cleaning-ventilation-chomedey","status":"publish","type":"page","link":"https:\/\/nettoyageexperts.com\/en\/duct-cleaning\/duct-cleaning-ventilation-chomedey\/","title":{"rendered":"Duct cleaning ventilation Chomedey"},"content":{"rendered":"\r\n<h2 id='nettoyage-experts-prix-du-choix-du-consommateur-nettoyage-conduit-de-ventilation-\u00e0-chomedey'  id=\"boomdevs_1\">Nettoyage Experts prix du Choix du Consommateur, nettoyage conduit de ventilation \u00e0 Chomedey<\/h2>\r\n<blockquote>\r\n<p>Nous sommes\u00a0 entreprise sp\u00e9cialis\u00e9e depuis plus de 30 ans en nettoyage de ventilation de toutes sortes, que ce soit pour le r\u00e9sidentiel ou le commercial.<\/p>\r\n<\/blockquote>\r\n<p><img decoding=\"async\" src=\"https:\/\/nettoyageexperts.com\/wp-content\/uploads\/2017\/08\/Nettoyage-conduit-ventilation-Chomedey.png\" alt=\"Nettoyage conduit ventilation Chomedey\" width=\"295\" height=\"223\" \/>Apr\u00e8s 30 ans \u00e0 nettoyer diverses parties de maison ou d&#8217;immeubles dans la province de Qu\u00e9bec, sachez que nous avons l&#8217;expertise n\u00e9cessaire pour proc\u00e9der au nettoyage de conduit de ventilation \u00e0 Chomedey.<\/p>\r\n<p>Tous nos techniciens poss\u00e8dent leur carte de comp\u00e9tences. Le tout jumel\u00e9es \u00e0 une tr\u00e8s grande exp\u00e9rience en mati\u00e8re de nettoyage de conduit de ventilation de toutes sortes.<\/p>\r\n<p>Pour proc\u00e9der au nettoyage de conduit de ventilation. \u00a0Il faut bien s\u00fbr un technicien professionnel qui sera d&#8217;une tr\u00e8s grande efficacit\u00e9. \u00a0Mais aussi des \u00e9quipements qui feront en sorte de vous d\u00e9barrasser compl\u00e8tement de toute la poussi\u00e8re nocive. \u00a0Cette poussi\u00e8re circule \u00e0 l&#8217;int\u00e9rieur de votre maison ou de votre commerce. Nous sommes aussi sp\u00e9cialis\u00e9s pour le secteur commercial et industriel.<\/p>\r\n<h3 id='nettoyage-conduit-ventilation-chomedey-lorsque-vous-verrez-arriver-notre-technicien-chez-vous-vous-allez-remarquer-qu-il-va-stationner-son-camion-le-plus-pr\u00e8s-possible-de-votre-b\u00e2timent-\u00e0-l-ext\u00e9rieur'  id=\"boomdevs_2\">Nettoyage conduit ventilation Chomedey, lorsque vous verrez arriver notre technicien chez vous. \u00a0Vous allez remarquer qu&#8217;il va stationner son camion le plus pr\u00e8s possible de votre b\u00e2timent \u00e0 l&#8217;ext\u00e9rieur.<\/h3>\r\n<p>Ceci est n\u00e9cessaire puisque ce camion est \u00e9quip\u00e9 d&#8217;un aspirateur d&#8217;une tr\u00e8s grande puissance. Il est capable d&#8217;aspirer 16 000 pieds cubes d&#8217;air la minute. C&#8217;est une v\u00e9ritable tornade qui va aspirer toute la poussi\u00e8re nocive vers l&#8217;ext\u00e9rieur de votre domicile. Le tout sera \u00e9vacu\u00e9 dans un r\u00e9servoir sp\u00e9cialement con\u00e7u \u00e0 cet effet.\u00a0 Nettoyage Experts est le meilleur <a href=\"https:\/\/nettoyageexperts.com\/conduits-air\/nettoyage-de-conduits-de-ventilation\/\">nettoyeur de conduits de ventilation<\/a> sur la Rive-Nord de Montr\u00e9al.<\/p>\r\n<p>Nous avons de bonnes raisons d&#8217;utiliser un \u00e9quipement aussi puissant. \u00a0Puisque la poussi\u00e8re qui circule \u00e0 l&#8217;int\u00e9rieur de votre maison et qui provient de vos conduits de ventilation est souvent vici\u00e9e. \u00a0En plus d&#8217;\u00eatre remplie de particules chimiques et organiques impropres \u00e0 la respiration humaine.<\/p>\r\n<h2 id='nettoyage-sofa-\u00e0-bon-prix'  id=\"boomdevs_3\"><a href=\"https:\/\/nettoyageexperts.com\/nettoyage-meubles\/nettoyage-de-sofa\/\">Nettoyage sofa \u00e0 bon prix<\/a><\/h2>\r\n<p>Faites confiance \u00e0 notre service de nettoyage de sofa et tapis pour rehausser votre confort.\u00a0 Nos nettoyeurs de sofas hors pair vont vous \u00e9pater.\u00a0 De plus, nos services \u00e0 Laval et Chomedey sont rapide et offerts \u00e0 co\u00fbt abordable.<\/p>\r\n<h4 id='de-plus-nous-pouvons-vous-garantir-que-nous-allons-\u00e9liminer-toute-la-poussi\u00e8re-nocive-de-l-int\u00e9rieur-de-vos-conduits-de-ventilation-ainsi-que-de-votre-b\u00e2timent'  id=\"boomdevs_4\">De plus, nous pouvons vous garantir que nous allons \u00e9liminer toute la poussi\u00e8re nocive de l&#8217;int\u00e9rieur de vos conduits de ventilation ainsi que de votre b\u00e2timent.<\/h4>\r\n<p>Plusieurs d&#8217;\u00e9tudes ont prouv\u00e9 que la pollution \u00e0 l&#8217;int\u00e9rieur de la maison est parfois cinq fois plus \u00e9lev\u00e9e qu&#8217;\u00e0 l&#8217;ext\u00e9rieur. \u00a0Ce qui repr\u00e9sente un probl\u00e8me majeur pour la sant\u00e9 humaine vous en conviendrez.<\/p>\r\n<p>Alors, n&#8217;attendez plus et t\u00e9l\u00e9phoner \u00e0 un de nos techniciens pour qu&#8217;il puisse vous donner de l&#8217;information. \u00a0Et si n\u00e9cessaire prendre rendez-vous avec vous pour proc\u00e9der au nettoyage de la poussi\u00e8re nocive de l&#8217;int\u00e9rieur de vos <a href=\"https:\/\/nettoyageexperts.com\/conduits-air\/nettoyage-de-conduits-de-ventilation\/\">conduits de ventilation d&#8217;air<\/a> \u00e0 Chomedey.<\/p>\r\n<p>Contactez-nous d\u00e8s maintenant pour obtenir votre soumission gratuite<br \/>\n<div class=\"wpcf7 no-js\" id=\"wpcf7-f135-o1\" lang=\"fr-CA\" dir=\"ltr\" data-wpcf7-id=\"135\">\n<div class=\"screen-reader-response\"><p role=\"status\" aria-live=\"polite\" aria-atomic=\"true\"><\/p> <ul><\/ul><\/div>\n<form action=\"\/en\/wp-json\/wp\/v2\/pages\/9903#wpcf7-f135-o1\" method=\"post\" class=\"wpcf7-form init\" aria-label=\"Contact form\" novalidate=\"novalidate\" data-status=\"init\">\n<fieldset class=\"hidden-fields-container\"><input type=\"hidden\" name=\"_wpcf7\" value=\"135\" \/><input type=\"hidden\" name=\"_wpcf7_version\" value=\"6.1.5\" \/><input type=\"hidden\" name=\"_wpcf7_locale\" value=\"fr_CA\" \/><input type=\"hidden\" name=\"_wpcf7_unit_tag\" value=\"wpcf7-f135-o1\" \/><input type=\"hidden\" name=\"_wpcf7_container_post\" value=\"0\" \/><input type=\"hidden\" name=\"_wpcf7_posted_data_hash\" value=\"\" \/><input type=\"hidden\" name=\"_wpcf7_recaptcha_response\" value=\"\" \/>\n<\/fieldset>\n<p><span id=\"wpcf7-69d3a2331c8b5-wrapper\" class=\"wpcf7-form-control-wrap honeypot-423-wrap\" ><label for=\"valid-form\" class=\"hp-message\">Please leave this field empty.<\/label><input id=\"valid-form\"  class=\"wpcf7-form-control wpcf7-text\" type=\"text\" name=\"honeypot-423\" value=\"\" size=\"40\" tabindex=\"-1\" autocomplete=\"new-password\" \/><\/span>\n<\/p>\n<p><span class=\"wpcf7-form-control-wrap\" data-name=\"your-name\"><input size=\"40\" maxlength=\"400\" class=\"wpcf7-form-control wpcf7-text wpcf7-validates-as-required\" aria-required=\"true\" aria-invalid=\"false\" placeholder=\"Nom\" value=\"\" type=\"text\" name=\"your-name\" \/><\/span>\n<\/p>\n<p><span class=\"wpcf7-form-control-wrap\" data-name=\"your-email\"><input size=\"40\" maxlength=\"400\" class=\"wpcf7-form-control wpcf7-email wpcf7-validates-as-required wpcf7-text wpcf7-validates-as-email\" aria-required=\"true\" aria-invalid=\"false\" placeholder=\"Courriel\" value=\"\" type=\"email\" name=\"your-email\" \/><\/span>\n<\/p>\n<p><span class=\"wpcf7-form-control-wrap\" data-name=\"tel-jour\"><input size=\"40\" maxlength=\"400\" class=\"wpcf7-form-control wpcf7-text wpcf7-validates-as-required\" aria-required=\"true\" aria-invalid=\"false\" placeholder=\"T\u00e9l-jour\" value=\"\" type=\"text\" name=\"tel-jour\" \/><\/span><span class=\"wpcf7-form-control-wrap\" data-name=\"tel-soir\"><input size=\"40\" maxlength=\"400\" class=\"wpcf7-form-control wpcf7-text\" aria-invalid=\"false\" placeholder=\"T\u00e9l-soir\" value=\"\" type=\"text\" name=\"tel-soir\" \/><\/span>\n<\/p>\n<p><span class=\"wpcf7-form-control-wrap\" data-name=\"code-post\"><input size=\"40\" maxlength=\"400\" class=\"wpcf7-form-control wpcf7-text wpcf7-validates-as-required\" aria-required=\"true\" aria-invalid=\"false\" placeholder=\"Code Postal\" value=\"\" type=\"text\" name=\"code-post\" \/><\/span>\n<\/p>\n<p><span class=\"wpcf7-form-control-wrap\" data-name=\"choix-service\"><select class=\"wpcf7-form-control wpcf7-select wpcf7-validates-as-required\" aria-required=\"true\" aria-invalid=\"false\" name=\"choix-service\"><option value=\"\">Choisir un service de nettoyage *<\/option><option value=\"Nettoyage conduit de ventilation\">Nettoyage conduit de ventilation<\/option><option value=\"Nettoyage conduit commercial\">Nettoyage conduit commercial<\/option><option value=\"Nettoyage conduit s\u00e9cheuse\">Nettoyage conduit s\u00e9cheuse<\/option><option value=\"Nettoyage tapis \u00e0 domicile\">Nettoyage tapis \u00e0 domicile<\/option><option value=\"Nettoyage tapis commercial\">Nettoyage tapis commercial<\/option><option value=\"Nettoyage divan\">Nettoyage divan<\/option><option value=\"Nettoyage matelas\">Nettoyage matelas<\/option><option value=\"Nettoyage chaise\">Nettoyage chaise<\/option><option value=\"Grand-M\u00e9nage\">Grand-M\u00e9nage<\/option><\/select><\/span>\n<\/p>\n<p><span class=\"wpcf7-form-control-wrap\" data-name=\"your-message\"><textarea cols=\"40\" rows=\"5\" maxlength=\"2000\" class=\"wpcf7-form-control wpcf7-textarea\" aria-invalid=\"false\" placeholder=\"SVP, fournir les d\u00e9tails de votre demande.\" name=\"your-message\"><\/textarea><\/span>\n<\/p>\n<p class=\"soumettre\"><input class=\"wpcf7-form-control wpcf7-submit has-spinner\" type=\"submit\" value=\"ENVOYER\" \/>\n<\/p><p style=\"display: none !important;\" class=\"akismet-fields-container\" data-prefix=\"_wpcf7_ak_\"><label>&#916;<textarea name=\"_wpcf7_ak_hp_textarea\" cols=\"45\" rows=\"8\" maxlength=\"100\"><\/textarea><\/label><input type=\"hidden\" id=\"ak_js_1\" name=\"_wpcf7_ak_js\" value=\"85\"\/><script>document.getElementById( \"ak_js_1\" ).setAttribute( \"value\", ( new Date() ).getTime() );<\/script><\/p><div class=\"wpcf7-response-output\" aria-hidden=\"true\"><\/div>\n<\/form>\n<\/div>\n<\/p>\r\n<h2 id='nettoyage-conduit-ventilation'  id=\"boomdevs_5\">NETTOYAGE CONDUIT VENTILATION<\/h2>\r\n<p><a href=\"https:\/\/nettoyageexperts.com\/conduits-air\/nettoyage-de-conduits-de-ventilation\">Nettoyage de conduits de ventilation<\/a><\/p>\r\n<p><a href=\"https:\/\/nettoyageexperts.com\/nettoyage-commercial\/nettoyage-de-conduits-commercial\/\">Nettoyage conduit commercial <\/a><\/p>\r\n<p><a href=\"https:\/\/nettoyageexperts.com\/nettoyage-conduit\/\">Nettoyage conduit <\/a><\/p>\r\n<p><a href=\"https:\/\/nettoyageexperts.com\/pourquoi-avez-vous-besoin-dun-nettoyage-du-conduit-dair\/\">Pourquoi un nettoyage ?<\/a><\/p>\r\n<p><a href=\"https:\/\/nettoyageexperts.com\/conduits-air\/nettoyage-de-conduits-dair\/\">Nettoyage de conduits d&#8217;air <\/a><\/p>\r\n<p><a href=\"https:\/\/nettoyageexperts.com\/air-nettoyage\/nettoyage-ventilation-maison\">Nettoyage ventilation maison<\/a><\/p>\r\n<p><a href=\"https:\/\/nettoyageexperts.com\/ventilation-air\/nettoyage-ventilation\/\">Nettoyage ventilation<\/a><\/p>\r\n<p><a href=\"https:\/\/nettoyageexperts.com\/conduits-air\/nettoyage-echangeur-dair\">Nettoyage \u00e9changeur d&#8217;air<\/a><\/p>\r\n<p><a href=\"https:\/\/nettoyageexperts.com\/nettoyage-de-conduits\/nettoyage-conduit-echangeur-dair\/\">Nettoyage conduit \u00e9changeur d&#8217;air<\/a><\/p>\r\n<p><a href=\"https:\/\/nettoyageexperts.com\/conduits-air\/nettoyage-de-conduits-de-secheuse\">Nettoyage conduit de s\u00e9cheuse<\/a><\/p>\r\n<p><a href=\"https:\/\/nettoyageexperts.com\/conduits-air\/nettoyage-des-conduits-a-la-maison\/\">Nettoyage conduit maison <\/a><\/p>\r\n<p><a href=\"https:\/\/nettoyageexperts.com\/equipement-nettoyage-conduit-ventilation\/\">\u00c9quipement nettoyage conduit <\/a><\/p>\r\n<p><a href=\"https:\/\/nettoyageexperts.com\/conduits-air\/\">Nettoyer chaque 5 ans <\/a><\/p>\r\n<p><a href=\"https:\/\/nettoyageexperts.com\/conduits-air\/air-nettoyage\/\">Air nettoyage &amp; assainissement<\/a><\/p>\r\n<p><a href=\"https:\/\/nettoyageexperts.com\/conduits-air\/qualite-de-lair-interieur\/\">Qualit\u00e9 de l&#8217;air int\u00e9rieur <\/a><\/p>\r\n","protected":false},"excerpt":{"rendered":"<p>Nettoyage Experts prix du Choix du Consommateur, nettoyage conduit de ventilation \u00e0 Chomedey Nous sommes\u00a0 entreprise sp\u00e9cialis\u00e9e depuis plus de 30 ans en nettoyage de ventilation de toutes sortes, que ce soit pour le r\u00e9sidentiel ou le commercial. Apr\u00e8s 30 ans \u00e0 nettoyer diverses parties de maison ou d&#8217;immeubles dans la province de Qu\u00e9bec, sachez [&hellip;]<\/p>\n","protected":false},"author":4,"featured_media":0,"parent":9892,"menu_order":0,"comment_status":"closed","ping_status":"closed","template":"","meta":{"_acf_changed":false,"_genesis_hide_title":false,"_genesis_hide_breadcrumbs":false,"_genesis_hide_singular_image":false,"_genesis_hide_footer_widgets":false,"_genesis_custom_body_class":"","_genesis_custom_post_class":"","_genesis_layout":"","footnotes":""},"class_list":{"0":"post-9903","1":"page","2":"type-page","3":"status-publish","5":"entry"},"acf":[],"yoast_head":"<!-- This site is optimized with the Yoast SEO plugin v27.2 - https:\/\/yoast.com\/product\/yoast-seo-wordpress\/ -->\n<title>Duct cleaning ventilation Chomedey, fast services!<\/title>\n<meta name=\"description\" content=\"Ventilation duct cleaning Chomedey, have all the harmful dust cleaned from the inside of your ducts to have a better health.\" \/>\n<meta name=\"robots\" content=\"index, follow, max-snippet:-1, max-image-preview:large, max-video-preview:-1\" \/>\n<link rel=\"canonical\" href=\"https:\/\/nettoyageexperts.com\/en\/duct-cleaning\/duct-cleaning-ventilation-chomedey\/\" \/>\n<meta property=\"og:locale\" content=\"en_US\" \/>\n<meta property=\"og:type\" content=\"article\" \/>\n<meta property=\"og:title\" content=\"Duct cleaning ventilation Chomedey, fast services!\" \/>\n<meta property=\"og:description\" content=\"Ventilation duct cleaning Chomedey, have all the harmful dust cleaned from the inside of your ducts to have a better health.\" \/>\n<meta property=\"og:url\" content=\"https:\/\/nettoyageexperts.com\/en\/duct-cleaning\/duct-cleaning-ventilation-chomedey\/\" \/>\n<meta property=\"og:site_name\" content=\"Nettoyage Experts | Residential and Commercial Cleaning Services\" \/>\n<meta property=\"article:publisher\" content=\"https:\/\/www.facebook.com\/meilleurnettoyage\" \/>\n<meta property=\"article:modified_time\" content=\"2025-05-08T19:05:00+00:00\" \/>\n<meta property=\"og:image\" content=\"https:\/\/nettoyageexperts.com\/wp-content\/uploads\/2017\/08\/Nettoyage-conduit-ventilation-Chomedey.png\" \/>\n<meta name=\"twitter:card\" content=\"summary_large_image\" \/>\n<meta name=\"twitter:label1\" content=\"Est. reading time\" \/>\n\t<meta name=\"twitter:data1\" content=\"3 minutes\" \/>\n<script type=\"application\/ld+json\" class=\"yoast-schema-graph\">{\"@context\":\"https:\/\/schema.org\",\"@graph\":[{\"@type\":\"WebPage\",\"@id\":\"https:\/\/nettoyageexperts.com\/en\/duct-cleaning\/duct-cleaning-ventilation-chomedey\/\",\"url\":\"https:\/\/nettoyageexperts.com\/en\/duct-cleaning\/duct-cleaning-ventilation-chomedey\/\",\"name\":\"Duct cleaning ventilation Chomedey, fast services!\",\"isPartOf\":{\"@id\":\"https:\/\/nettoyageexperts.com\/en\/#website\"},\"primaryImageOfPage\":{\"@id\":\"https:\/\/nettoyageexperts.com\/en\/duct-cleaning\/duct-cleaning-ventilation-chomedey\/#primaryimage\"},\"image\":{\"@id\":\"https:\/\/nettoyageexperts.com\/en\/duct-cleaning\/duct-cleaning-ventilation-chomedey\/#primaryimage\"},\"thumbnailUrl\":\"https:\/\/nettoyageexperts.com\/wp-content\/uploads\/2017\/08\/Nettoyage-conduit-ventilation-Chomedey.png\",\"datePublished\":\"2017-08-29T19:22:27+00:00\",\"dateModified\":\"2025-05-08T19:05:00+00:00\",\"description\":\"Ventilation duct cleaning Chomedey, have all the harmful dust cleaned from the inside of your ducts to have a better health.\",\"breadcrumb\":{\"@id\":\"https:\/\/nettoyageexperts.com\/en\/duct-cleaning\/duct-cleaning-ventilation-chomedey\/#breadcrumb\"},\"inLanguage\":\"en-CA\",\"potentialAction\":[{\"@type\":\"ReadAction\",\"target\":[\"https:\/\/nettoyageexperts.com\/en\/duct-cleaning\/duct-cleaning-ventilation-chomedey\/\"]}]},{\"@type\":\"ImageObject\",\"inLanguage\":\"en-CA\",\"@id\":\"https:\/\/nettoyageexperts.com\/en\/duct-cleaning\/duct-cleaning-ventilation-chomedey\/#primaryimage\",\"url\":\"https:\/\/nettoyageexperts.com\/wp-content\/uploads\/2017\/08\/Nettoyage-conduit-ventilation-Chomedey.png\",\"contentUrl\":\"https:\/\/nettoyageexperts.com\/wp-content\/uploads\/2017\/08\/Nettoyage-conduit-ventilation-Chomedey.png\"},{\"@type\":\"BreadcrumbList\",\"@id\":\"https:\/\/nettoyageexperts.com\/en\/duct-cleaning\/duct-cleaning-ventilation-chomedey\/#breadcrumb\",\"itemListElement\":[{\"@type\":\"ListItem\",\"position\":1,\"name\":\"Accueil\",\"item\":\"https:\/\/nettoyageexperts.com\/en\/\"},{\"@type\":\"ListItem\",\"position\":2,\"name\":\"Duct cleaning\",\"item\":\"https:\/\/nettoyageexperts.com\/en\/duct-cleaning\/\"},{\"@type\":\"ListItem\",\"position\":3,\"name\":\"Duct cleaning ventilation Chomedey\"}]},{\"@type\":\"WebSite\",\"@id\":\"https:\/\/nettoyageexperts.com\/en\/#website\",\"url\":\"https:\/\/nettoyageexperts.com\/en\/\",\"name\":\"Nettoyage Experts: nettoyage de conduits de ventilation, nettoyage de tapis, divan, meuble et commercial\",\"description\":\"\",\"publisher\":{\"@id\":\"https:\/\/nettoyageexperts.com\/en\/#organization\"},\"alternateName\":\"Nettoyage Experts particulier et commercial\",\"potentialAction\":[{\"@type\":\"SearchAction\",\"target\":{\"@type\":\"EntryPoint\",\"urlTemplate\":\"https:\/\/nettoyageexperts.com\/en\/?s={search_term_string}\"},\"query-input\":{\"@type\":\"PropertyValueSpecification\",\"valueRequired\":true,\"valueName\":\"search_term_string\"}}],\"inLanguage\":\"en-CA\"},{\"@type\":\"Organization\",\"@id\":\"https:\/\/nettoyageexperts.com\/en\/#organization\",\"name\":\"Nettoyage Experts inc.\",\"alternateName\":\"Nettoyage Experts\",\"url\":\"https:\/\/nettoyageexperts.com\/en\/\",\"logo\":{\"@type\":\"ImageObject\",\"inLanguage\":\"en-CA\",\"@id\":\"https:\/\/nettoyageexperts.com\/en\/#\/schema\/logo\/image\/\",\"url\":\"https:\/\/nettoyageexperts.com\/wp-content\/uploads\/2019\/01\/image001-9.png\",\"contentUrl\":\"https:\/\/nettoyageexperts.com\/wp-content\/uploads\/2019\/01\/image001-9.png\",\"width\":186,\"height\":85,\"caption\":\"Nettoyage Experts inc.\"},\"image\":{\"@id\":\"https:\/\/nettoyageexperts.com\/en\/#\/schema\/logo\/image\/\"},\"sameAs\":[\"https:\/\/www.facebook.com\/meilleurnettoyage\"]}]}<\/script>\n<!-- \/ Yoast SEO plugin. -->","yoast_head_json":{"title":"Duct cleaning ventilation Chomedey, fast services!","description":"Ventilation duct cleaning Chomedey, have all the harmful dust cleaned from the inside of your ducts to have a better health.","robots":{"index":"index","follow":"follow","max-snippet":"max-snippet:-1","max-image-preview":"max-image-preview:large","max-video-preview":"max-video-preview:-1"},"canonical":"https:\/\/nettoyageexperts.com\/en\/duct-cleaning\/duct-cleaning-ventilation-chomedey\/","og_locale":"en_US","og_type":"article","og_title":"Duct cleaning ventilation Chomedey, fast services!","og_description":"Ventilation duct cleaning Chomedey, have all the harmful dust cleaned from the inside of your ducts to have a better health.","og_url":"https:\/\/nettoyageexperts.com\/en\/duct-cleaning\/duct-cleaning-ventilation-chomedey\/","og_site_name":"Nettoyage Experts | Residential and Commercial Cleaning Services","article_publisher":"https:\/\/www.facebook.com\/meilleurnettoyage","article_modified_time":"2025-05-08T19:05:00+00:00","og_image":[{"url":"https:\/\/nettoyageexperts.com\/wp-content\/uploads\/2017\/08\/Nettoyage-conduit-ventilation-Chomedey.png","type":"","width":"","height":""}],"twitter_card":"summary_large_image","twitter_misc":{"Est. reading time":"3 minutes"},"schema":{"@context":"https:\/\/schema.org","@graph":[{"@type":"WebPage","@id":"https:\/\/nettoyageexperts.com\/en\/duct-cleaning\/duct-cleaning-ventilation-chomedey\/","url":"https:\/\/nettoyageexperts.com\/en\/duct-cleaning\/duct-cleaning-ventilation-chomedey\/","name":"Duct cleaning ventilation Chomedey, fast services!","isPartOf":{"@id":"https:\/\/nettoyageexperts.com\/en\/#website"},"primaryImageOfPage":{"@id":"https:\/\/nettoyageexperts.com\/en\/duct-cleaning\/duct-cleaning-ventilation-chomedey\/#primaryimage"},"image":{"@id":"https:\/\/nettoyageexperts.com\/en\/duct-cleaning\/duct-cleaning-ventilation-chomedey\/#primaryimage"},"thumbnailUrl":"https:\/\/nettoyageexperts.com\/wp-content\/uploads\/2017\/08\/Nettoyage-conduit-ventilation-Chomedey.png","datePublished":"2017-08-29T19:22:27+00:00","dateModified":"2025-05-08T19:05:00+00:00","description":"Ventilation duct cleaning Chomedey, have all the harmful dust cleaned from the inside of your ducts to have a better health.","breadcrumb":{"@id":"https:\/\/nettoyageexperts.com\/en\/duct-cleaning\/duct-cleaning-ventilation-chomedey\/#breadcrumb"},"inLanguage":"en-CA","potentialAction":[{"@type":"ReadAction","target":["https:\/\/nettoyageexperts.com\/en\/duct-cleaning\/duct-cleaning-ventilation-chomedey\/"]}]},{"@type":"ImageObject","inLanguage":"en-CA","@id":"https:\/\/nettoyageexperts.com\/en\/duct-cleaning\/duct-cleaning-ventilation-chomedey\/#primaryimage","url":"https:\/\/nettoyageexperts.com\/wp-content\/uploads\/2017\/08\/Nettoyage-conduit-ventilation-Chomedey.png","contentUrl":"https:\/\/nettoyageexperts.com\/wp-content\/uploads\/2017\/08\/Nettoyage-conduit-ventilation-Chomedey.png"},{"@type":"BreadcrumbList","@id":"https:\/\/nettoyageexperts.com\/en\/duct-cleaning\/duct-cleaning-ventilation-chomedey\/#breadcrumb","itemListElement":[{"@type":"ListItem","position":1,"name":"Accueil","item":"https:\/\/nettoyageexperts.com\/en\/"},{"@type":"ListItem","position":2,"name":"Duct cleaning","item":"https:\/\/nettoyageexperts.com\/en\/duct-cleaning\/"},{"@type":"ListItem","position":3,"name":"Duct cleaning ventilation Chomedey"}]},{"@type":"WebSite","@id":"https:\/\/nettoyageexperts.com\/en\/#website","url":"https:\/\/nettoyageexperts.com\/en\/","name":"Nettoyage Experts: nettoyage de conduits de ventilation, nettoyage de tapis, divan, meuble et commercial","description":"","publisher":{"@id":"https:\/\/nettoyageexperts.com\/en\/#organization"},"alternateName":"Nettoyage Experts particulier et commercial","potentialAction":[{"@type":"SearchAction","target":{"@type":"EntryPoint","urlTemplate":"https:\/\/nettoyageexperts.com\/en\/?s={search_term_string}"},"query-input":{"@type":"PropertyValueSpecification","valueRequired":true,"valueName":"search_term_string"}}],"inLanguage":"en-CA"},{"@type":"Organization","@id":"https:\/\/nettoyageexperts.com\/en\/#organization","name":"Nettoyage Experts inc.","alternateName":"Nettoyage Experts","url":"https:\/\/nettoyageexperts.com\/en\/","logo":{"@type":"ImageObject","inLanguage":"en-CA","@id":"https:\/\/nettoyageexperts.com\/en\/#\/schema\/logo\/image\/","url":"https:\/\/nettoyageexperts.com\/wp-content\/uploads\/2019\/01\/image001-9.png","contentUrl":"https:\/\/nettoyageexperts.com\/wp-content\/uploads\/2019\/01\/image001-9.png","width":186,"height":85,"caption":"Nettoyage Experts inc."},"image":{"@id":"https:\/\/nettoyageexperts.com\/en\/#\/schema\/logo\/image\/"},"sameAs":["https:\/\/www.facebook.com\/meilleurnettoyage"]}]}},"_links":{"self":[{"href":"https:\/\/nettoyageexperts.com\/en\/wp-json\/wp\/v2\/pages\/9903","targetHints":{"allow":["GET"]}}],"collection":[{"href":"https:\/\/nettoyageexperts.com\/en\/wp-json\/wp\/v2\/pages"}],"about":[{"href":"https:\/\/nettoyageexperts.com\/en\/wp-json\/wp\/v2\/types\/page"}],"author":[{"embeddable":true,"href":"https:\/\/nettoyageexperts.com\/en\/wp-json\/wp\/v2\/users\/4"}],"replies":[{"embeddable":true,"href":"https:\/\/nettoyageexperts.com\/en\/wp-json\/wp\/v2\/comments?post=9903"}],"version-history":[{"count":2,"href":"https:\/\/nettoyageexperts.com\/en\/wp-json\/wp\/v2\/pages\/9903\/revisions"}],"predecessor-version":[{"id":11262,"href":"https:\/\/nettoyageexperts.com\/en\/wp-json\/wp\/v2\/pages\/9903\/revisions\/11262"}],"up":[{"embeddable":true,"href":"https:\/\/nettoyageexperts.com\/en\/wp-json\/wp\/v2\/pages\/9892"}],"wp:attachment":[{"href":"https:\/\/nettoyageexperts.com\/en\/wp-json\/wp\/v2\/media?parent=9903"}],"curies":[{"name":"wp","href":"https:\/\/api.w.org\/{rel}","templated":true}]}}